{"id":1704,"date":"2020-04-23T20:47:01","date_gmt":"2020-04-23T18:47:01","guid":{"rendered":"https:\/\/www.sindikat-osoks90.si\/?page_id=1704"},"modified":"2023-01-03T13:50:06","modified_gmt":"2023-01-03T12:50:06","slug":"euradria","status":"publish","type":"page","link":"https:\/\/www.sindikat-osoks90.si\/?page_id=1704","title":{"rendered":"EURADRIA"},"content":{"rendered":"\n<p><strong>EURADRIA<\/strong><\/p>\n\n\n\n<p><strong>Obalna sindikalna organizacija \u2013 KS 90 sodeluje kot partner v projektu<\/strong><strong> EURADRIA<\/strong>.<\/p>\n\n\n\n<p>Projekt EURADRIA je rezultat edinstvenega partnerstva v \u010dezmejni regiji med Italijo in Slovenijo, ki zdru\u017euje nacionalne in regionalne javne organe, zavode za zaposlovanje, delodajalska in sindikalna zdru\u017eenja v enotno omre\u017eje, \u010digar glavni cilj je olaj\u0161ati prosto gibanje delavcev in prispevati k odpravi ovir za \u010dezmejno mobilnost delovne sile na tem obmo\u010dju.<\/p>\n\n\n\n<p>Cilj&nbsp;<strong>EURADRIE<\/strong>&nbsp;je torej trajno podpirati mobilnost na \u010dezmejnem obmo\u010dju, pri tem pa&nbsp;<strong>delavcem in podjetjem zagotoviti ustrezno strokovno podporo.<\/strong><\/p>\n\n\n\n<p>Popolnoma prenovljena spletna mesta in \u017ee predhodno vzpostavljene info to\u010dke na italijanskem in slovenskem ozemlju, namenjene podajanju informacij in razre\u0161evanju te\u017eav vezanih na \u010dezmejno delo, omogo\u010dajo osredoto\u010danje celotnega partnerstva na re\u0161evanje specifi\u010dnih&nbsp;<strong>ovir glede mobilnosti<\/strong>: med klju\u010dnimi temami so varnost pri delu, dav\u010dna zakonodaja in pravice iz naslova zdravstvenega, invalidskega in socialnega zavarovanja.<\/p>\n\n\n\n<p>Vzpostavitev&nbsp;<strong>stalne opazovalnice za \u010dezmejnost<\/strong>, ki jo upravlja Avtonomna de\u017eela Furlanija-Julijska Krajina, prispeva k ugotavljanju in spremljanju trendov in dinamike \u010dezmejnega trga na podlagi specifi\u010dnih kazalnikov.<\/p>\n\n\n\n<p>Poleg tega Euradria&nbsp;<strong>omogo\u010da tudi povezanost pristojnih javnih zavodov<\/strong>&nbsp;za zaposlovanje ter javnih in zasebnih Euresovih svetovalcev (za delodajalce in delavce) na \u010dezmejnem obmo\u010dju z namenom okrepitve sodelovanja na podro\u010dju mobilnosti delovne sile in s ciljem spodbujanja skupnih ukrepov za podporo zaposlovanju.<\/p>\n\n\n\n<p>Projekt EURADRIA sofinancira program Evropske unije&nbsp;<strong>EASI<\/strong>&nbsp;(EaSI \u2013 EURES \u2013 Cross-border partnership and support to cooperation on intra-EU mobility for social partners and EEA countries).<\/p>\n\n\n\n<figure class=\"wp-block-image size-large\"><a href=\"https:\/\/euradria.eu\/sl\/\" target=\"_blank\" rel=\"noopener noreferrer\"><img loading=\"lazy\" decoding=\"async\" width=\"457\" height=\"113\" src=\"https:\/\/www.sindikat-osoks90.si\/wp-content\/uploads\/2020\/04\/euradria.png\" alt=\"\" class=\"wp-image-1705\" srcset=\"https:\/\/www.sindikat-osoks90.si\/wp-content\/uploads\/2020\/04\/euradria.png 457w, https:\/\/www.sindikat-osoks90.si\/wp-content\/uploads\/2020\/04\/euradria-300x74.png 300w\" sizes=\"auto, (max-width: 457px) 100vw, 457px\" \/><\/a><figcaption class=\"wp-element-caption\">Ve\u010d na povezavi: <a href=\"https:\/\/euradria.eu\/?lang=sl\" data-type=\"URL\" target=\"_blank\" rel=\"noreferrer noopener\">EURADRIA<\/a><br><\/figcaption><\/figure>\n\n\n\n\n\n<p><\/p>\n\n\n\n<p><\/p>\n\n\n\n<p><\/p>\n","protected":false},"excerpt":{"rendered":"<p>EURADRIA Obalna sindikalna organizacija \u2013 KS 90 sodeluje kot partner v projektu EURADRIA. Projekt EURADRIA je rezultat edinstvenega partnerstva v \u010dezmejni regiji med Italijo in Slovenijo, ki zdru\u017euje nacionalne in &#8230;<\/p>\n","protected":false},"author":1,"featured_media":0,"parent":0,"menu_order":0,"comment_status":"closed","ping_status":"closed","template":"","meta":{"ngg_post_thumbnail":0,"footnotes":""},"class_list":["post-1704","page","type-page","status-publish","hentry"],"_links":{"self":[{"href":"https:\/\/www.sindikat-osoks90.si\/index.php?rest_route=\/wp\/v2\/pages\/1704","targetHints":{"allow":["GET"]}}],"collection":[{"href":"https:\/\/www.sindikat-osoks90.si\/index.php?rest_route=\/wp\/v2\/pages"}],"about":[{"href":"https:\/\/www.sindikat-osoks90.si\/index.php?rest_route=\/wp\/v2\/types\/page"}],"author":[{"embeddable":true,"href":"https:\/\/www.sindikat-osoks90.si\/index.php?rest_route=\/wp\/v2\/users\/1"}],"replies":[{"embeddable":true,"href":"https:\/\/www.sindikat-osoks90.si\/index.php?rest_route=%2Fwp%2Fv2%2Fcomments&post=1704"}],"version-history":[{"count":4,"href":"https:\/\/www.sindikat-osoks90.si\/index.php?rest_route=\/wp\/v2\/pages\/1704\/revisions"}],"predecessor-version":[{"id":2515,"href":"https:\/\/www.sindikat-osoks90.si\/index.php?rest_route=\/wp\/v2\/pages\/1704\/revisions\/2515"}],"wp:attachment":[{"href":"https:\/\/www.sindikat-osoks90.si\/index.php?rest_route=%2Fwp%2Fv2%2Fmedia&parent=1704"}],"curies":[{"name":"wp","href":"https:\/\/api.w.org\/{rel}","templated":true}]}}