{"id":1707,"date":"2020-04-23T20:50:01","date_gmt":"2020-04-23T18:50:01","guid":{"rendered":"https:\/\/www.sindikat-osoks90.si\/?page_id=1707"},"modified":"2020-04-24T11:38:07","modified_gmt":"2020-04-24T09:38:07","slug":"spin-znanja-in-kompetenc-s4","status":"publish","type":"page","link":"https:\/\/www.sindikat-osoks90.si\/?page_id=1707","title":{"rendered":"SPIN ZNANJA IN KOMPETENC S4"},"content":{"rendered":"\n<p><strong>SPIN ZNANJA IN KOMPETENC S4<\/strong><\/p>\n\n\n\n<p>Obalna sindikalna organizacija \u2013 KS 90 sodeluje kot vodilni partner v projektu Spin znanja in kompetenc S4. Gre za program vklju\u010devanja oseb, ki so pred izgubo zaposlitve oziroma oseb, katerih zaposlitev je ogro\u017eena, v ukrepe na trgu dela.<br>Cilj projekta je uspe\u0161no prepoznati potrebe posameznikov ciljne skupine ter jih usposobiti in opolnomo\u010diti za la\u017eji in hitrej\u0161i prehod na trgu dela v ponovno zaposlitev ali v ohranitev svoje zaposlitve.<\/p>\n\n\n\n<p>V ciljno skupino spadajo:<\/p>\n\n\n\n<ul class=\"wp-block-list\"><li>zaposleni, ki zaradi kadrovskih, organizacijskih in tehnolo\u0161kih sprememb poslovnega procesa potrebujejo znanja\/kompetence in karierni razvoj glede na potrebe zaposlitve na novih delovnih mestih oz. za ohranitve zaposlitve na istem delovnem mestu s spremenjenim opisom delovnih nalog,<\/li><li>zaposleni:<br>\u2022 za dolo\u010den \u010das in jim pogodba o zaposlitvi preneha veljati najkasneje \u010dez tri mesece<br>\u2022 v \u010dasu trajanja odpovednega roka v primeru redne odpovedi pogodbe o zaposlitvi s strani delodajalca;<br>\u2022 v zvezi s katerimi je iz poslovne dokumentacije delodajalca razvidno, da bo njihovo delo postalo nepotrebno.<\/li><\/ul>\n\n\n\n<p>Projektno partnerstvo sestavljamo:<br>\u2022 Obalna sindikalna organizacija \u2013 KS 90<br>\u2022 Competo, kadrovske storitve, d.o.o.<br>\u2022 Primorska gospodarska zbornica<br>\u2022 Svet gorenjskih sindikatov<br>\u2022 META Zavod za razvoj dru\u017einskega in \u017eenskega podjetni\u0161tva<\/p>\n\n\n\n<p>V okviru projekta se bodo izvajale aktivnosti:<\/p>\n\n\n\n<p><strong>I. sklop aktivnosti: RAZVOJ KARIERE &#8211; PROFILIRANJE IN VODENJE KARIERNEGA RAZVOJA<\/strong> <strong>PO METODOLOGIJI INDIVIDUALNIH KARIERNIH NA\u010cRTOV<\/strong><br>Izvedba aktivnosti v obsegu 14 ur je za udele\u017eence popolnoma brezpla\u010dna. Po zaklju\u010denem prvem sklopu se lahko udele\u017eenec vklju\u010di v nadaljnja sofinancirana usposabljanja.<\/p>\n\n\n\n<p><strong>II. Sklop aktivnosti: RAZVOJ KOMPETENC &#8211; IZVEDBA USPOSABLJANJ ZA RAZVOJ:<\/strong><br>SOCIALNIH KOMPETENC<br>DIGITALNIH KOMPETENC<br>TEHNI\u010cNIH KOMPETENC in drugih vsebin.<\/p>\n\n\n\n<p>Projekt sofinancirata Republika Slovenija in Evropska unija preko Evropskega socialnega sklada.<\/p>\n\n\n\n<p><\/p>\n\n\n\n<figure class=\"wp-block-image size-large\"><a href=\"https:\/\/www.facebook.com\/projektSPIN\/\" target=\"_blank\" rel=\"noopener noreferrer\"><img loading=\"lazy\" decoding=\"async\" width=\"603\" height=\"208\" src=\"https:\/\/www.sindikat-osoks90.si\/wp-content\/uploads\/2020\/04\/spin.png\" alt=\"\" class=\"wp-image-1708\" srcset=\"https:\/\/www.sindikat-osoks90.si\/wp-content\/uploads\/2020\/04\/spin.png 603w, https:\/\/www.sindikat-osoks90.si\/wp-content\/uploads\/2020\/04\/spin-300x103.png 300w\" sizes=\"auto, (max-width: 603px) 100vw, 603px\" \/><\/a><figcaption>Ve\u010d na povezavi: <a rel=\"noreferrer noopener\" href=\"https:\/\/www.facebook.com\/projektSPIN\/\" target=\"_blank\">Projekt SPIN<\/a><\/figcaption><\/figure>\n\n\n\n<p><\/p>\n","protected":false},"excerpt":{"rendered":"<p>SPIN ZNANJA IN KOMPETENC S4 Obalna sindikalna organizacija \u2013 KS 90 sodeluje kot vodilni partner v projektu Spin znanja in kompetenc S4. Gre za program vklju\u010devanja oseb, ki so pred &#8230;<\/p>\n","protected":false},"author":1,"featured_media":0,"parent":0,"menu_order":0,"comment_status":"closed","ping_status":"closed","template":"","meta":{"ngg_post_thumbnail":0,"footnotes":""},"class_list":["post-1707","page","type-page","status-publish","hentry"],"_links":{"self":[{"href":"https:\/\/www.sindikat-osoks90.si\/index.php?rest_route=\/wp\/v2\/pages\/1707","targetHints":{"allow":["GET"]}}],"collection":[{"href":"https:\/\/www.sindikat-osoks90.si\/index.php?rest_route=\/wp\/v2\/pages"}],"about":[{"href":"https:\/\/www.sindikat-osoks90.si\/index.php?rest_route=\/wp\/v2\/types\/page"}],"author":[{"embeddable":true,"href":"https:\/\/www.sindikat-osoks90.si\/index.php?rest_route=\/wp\/v2\/users\/1"}],"replies":[{"embeddable":true,"href":"https:\/\/www.sindikat-osoks90.si\/index.php?rest_route=%2Fwp%2Fv2%2Fcomments&post=1707"}],"version-history":[{"count":6,"href":"https:\/\/www.sindikat-osoks90.si\/index.php?rest_route=\/wp\/v2\/pages\/1707\/revisions"}],"predecessor-version":[{"id":1720,"href":"https:\/\/www.sindikat-osoks90.si\/index.php?rest_route=\/wp\/v2\/pages\/1707\/revisions\/1720"}],"wp:attachment":[{"href":"https:\/\/www.sindikat-osoks90.si\/index.php?rest_route=%2Fwp%2Fv2%2Fmedia&parent=1707"}],"curies":[{"name":"wp","href":"https:\/\/api.w.org\/{rel}","templated":true}]}}