{"id":2541,"date":"2023-01-25T13:20:17","date_gmt":"2023-01-25T12:20:17","guid":{"rendered":"https:\/\/www.sindikat-osoks90.si\/?page_id=2541"},"modified":"2023-01-26T10:07:17","modified_gmt":"2023-01-26T09:07:17","slug":"zakljucno-porocilo","status":"publish","type":"page","link":"https:\/\/www.sindikat-osoks90.si\/?page_id=2541","title":{"rendered":"Zaklju\u010dno poro\u010dilo"},"content":{"rendered":"\n<p>Zaklju\u010dno poro\u010dilo projekta Fleksibilen di@log, ki je dostopno v prilo\u017eeni datoteki, vsebuje pregled rezultatov projekta in doseganja njegovih ciljev. Najprej so predstavljeni povzetki izvedenih analiz, nato vsebini dveh priro\u010dnikov. Sledita predstavitvi aktivnosti v obliki delavnic ter e-u\u010dilnice, zatem je predstavljen vidik obve\u0161\u010danja in osve\u0161\u010danja o projektnih aktivnostih. Na koncu je po vnaprej dolo\u010denih kazalnikih kon\u010dno ovrednotena izvedba projekta.<\/p>\n\n\n\n<div data-wp-interactive=\"core\/file\" class=\"wp-block-file\"><object data-wp-bind--hidden=\"!state.hasPdfPreview\" hidden class=\"wp-block-file__embed\" data=\"https:\/\/www.sindikat-osoks90.si\/wp-content\/uploads\/2023\/01\/Zakljucno-porocilo-projekta-Fleksibilen-dialog.pdf\" type=\"application\/pdf\" style=\"width:100%;height:600px\" aria-label=\"Vdelava Zakljucno-porocilo-projekta-Fleksibilen-dialog\"><\/object><a id=\"wp-block-file--media-39767276-572d-497f-ac70-15b66ab5a2fd\" href=\"https:\/\/www.sindikat-osoks90.si\/wp-content\/uploads\/2023\/01\/Zakljucno-porocilo-projekta-Fleksibilen-dialog.pdf\">Zakljucno-porocilo-projekta-Fleksibilen-dialog<\/a><a href=\"https:\/\/www.sindikat-osoks90.si\/wp-content\/uploads\/2023\/01\/Zakljucno-porocilo-projekta-Fleksibilen-dialog.pdf\" class=\"wp-block-file__button wp-element-button\" download aria-describedby=\"wp-block-file--media-39767276-572d-497f-ac70-15b66ab5a2fd\">Prenos<\/a><\/div>\n","protected":false},"excerpt":{"rendered":"<p>Zaklju\u010dno poro\u010dilo projekta Fleksibilen di@log, ki je dostopno v prilo\u017eeni datoteki, vsebuje pregled rezultatov projekta in doseganja njegovih ciljev. Najprej so predstavljeni povzetki izvedenih analiz, nato vsebini dveh priro\u010dnikov. Sledita &#8230;<\/p>\n","protected":false},"author":1,"featured_media":0,"parent":0,"menu_order":0,"comment_status":"closed","ping_status":"closed","template":"","meta":{"ngg_post_thumbnail":0,"footnotes":""},"class_list":["post-2541","page","type-page","status-publish","hentry"],"_links":{"self":[{"href":"https:\/\/www.sindikat-osoks90.si\/index.php?rest_route=\/wp\/v2\/pages\/2541","targetHints":{"allow":["GET"]}}],"collection":[{"href":"https:\/\/www.sindikat-osoks90.si\/index.php?rest_route=\/wp\/v2\/pages"}],"about":[{"href":"https:\/\/www.sindikat-osoks90.si\/index.php?rest_route=\/wp\/v2\/types\/page"}],"author":[{"embeddable":true,"href":"https:\/\/www.sindikat-osoks90.si\/index.php?rest_route=\/wp\/v2\/users\/1"}],"replies":[{"embeddable":true,"href":"https:\/\/www.sindikat-osoks90.si\/index.php?rest_route=%2Fwp%2Fv2%2Fcomments&post=2541"}],"version-history":[{"count":2,"href":"https:\/\/www.sindikat-osoks90.si\/index.php?rest_route=\/wp\/v2\/pages\/2541\/revisions"}],"predecessor-version":[{"id":2545,"href":"https:\/\/www.sindikat-osoks90.si\/index.php?rest_route=\/wp\/v2\/pages\/2541\/revisions\/2545"}],"wp:attachment":[{"href":"https:\/\/www.sindikat-osoks90.si\/index.php?rest_route=%2Fwp%2Fv2%2Fmedia&parent=2541"}],"curies":[{"name":"wp","href":"https:\/\/api.w.org\/{rel}","templated":true}]}}