{"id":3141,"date":"2025-09-22T22:27:59","date_gmt":"2025-09-22T20:27:59","guid":{"rendered":"https:\/\/www.sindikat-osoks90.si\/?page_id=3141"},"modified":"2026-01-15T12:20:41","modified_gmt":"2026-01-15T11:20:41","slug":"vkljucujoc-dilog","status":"publish","type":"page","link":"https:\/\/www.sindikat-osoks90.si\/?page_id=3141","title":{"rendered":"VKLJU\u010cUJO\u010c DI@LOG"},"content":{"rendered":"\n<div class=\"wp-block-columns is-layout-flex wp-container-core-columns-is-layout-9d6595d7 wp-block-columns-is-layout-flex\">\n<div class=\"wp-block-column is-vertically-aligned-stretch is-layout-flow wp-block-column-is-layout-flow\">\n<div class=\"wp-block-columns is-layout-flex wp-container-core-columns-is-layout-9d6595d7 wp-block-columns-is-layout-flex\">\n<div class=\"wp-block-column is-vertically-aligned-center is-layout-flow wp-block-column-is-layout-flow\"><div class=\"wp-block-image\">\n<figure class=\"aligncenter size-full\"><img loading=\"lazy\" decoding=\"async\" width=\"311\" height=\"66\" src=\"https:\/\/www.sindikat-osoks90.si\/wp-content\/uploads\/2025\/09\/image.png\" alt=\"\" class=\"wp-image-3142\" srcset=\"https:\/\/www.sindikat-osoks90.si\/wp-content\/uploads\/2025\/09\/image.png 311w, https:\/\/www.sindikat-osoks90.si\/wp-content\/uploads\/2025\/09\/image-300x64.png 300w\" sizes=\"auto, (max-width: 311px) 100vw, 311px\" \/><\/figure>\n<\/div><\/div>\n\n\n\n<div class=\"wp-block-column is-vertically-aligned-center is-layout-flow wp-block-column-is-layout-flow\">\n<figure class=\"wp-block-image alignfull size-full\"><img loading=\"lazy\" decoding=\"async\" width=\"336\" height=\"164\" src=\"https:\/\/www.sindikat-osoks90.si\/wp-content\/uploads\/2025\/09\/Screenshot_4.png\" alt=\"\" class=\"wp-image-3163\" srcset=\"https:\/\/www.sindikat-osoks90.si\/wp-content\/uploads\/2025\/09\/Screenshot_4.png 336w, https:\/\/www.sindikat-osoks90.si\/wp-content\/uploads\/2025\/09\/Screenshot_4-300x146.png 300w\" sizes=\"auto, (max-width: 336px) 100vw, 336px\" \/><\/figure>\n<\/div>\n\n\n\n<div class=\"wp-block-column is-layout-flow wp-block-column-is-layout-flow\">\n<figure class=\"wp-block-image alignfull size-full\"><img loading=\"lazy\" decoding=\"async\" width=\"405\" height=\"192\" src=\"https:\/\/www.sindikat-osoks90.si\/wp-content\/uploads\/2025\/09\/Screenshot_5.png\" alt=\"\" class=\"wp-image-3164\" srcset=\"https:\/\/www.sindikat-osoks90.si\/wp-content\/uploads\/2025\/09\/Screenshot_5.png 405w, https:\/\/www.sindikat-osoks90.si\/wp-content\/uploads\/2025\/09\/Screenshot_5-300x142.png 300w\" sizes=\"auto, (max-width: 405px) 100vw, 405px\" \/><\/figure>\n<\/div>\n\n\n\n<div class=\"wp-block-column is-vertically-aligned-center is-layout-flow wp-block-column-is-layout-flow\"><div class=\"wp-block-image\">\n<figure class=\"aligncenter size-full\"><img loading=\"lazy\" decoding=\"async\" width=\"341\" height=\"64\" src=\"https:\/\/www.sindikat-osoks90.si\/wp-content\/uploads\/2025\/09\/image-3.png\" alt=\"\" class=\"wp-image-3145\" srcset=\"https:\/\/www.sindikat-osoks90.si\/wp-content\/uploads\/2025\/09\/image-3.png 341w, https:\/\/www.sindikat-osoks90.si\/wp-content\/uploads\/2025\/09\/image-3-300x56.png 300w\" sizes=\"auto, (max-width: 341px) 100vw, 341px\" \/><\/figure>\n<\/div><\/div>\n<\/div>\n\n\n\n<div class=\"wp-block-columns is-layout-flex wp-container-core-columns-is-layout-9d6595d7 wp-block-columns-is-layout-flex\">\n<div class=\"wp-block-column is-layout-flow wp-block-column-is-layout-flow\"><\/div>\n\n\n\n<div class=\"wp-block-column is-layout-flow wp-block-column-is-layout-flow\">\n<figure class=\"wp-block-image size-full\"><img loading=\"lazy\" decoding=\"async\" width=\"240\" height=\"240\" src=\"https:\/\/www.sindikat-osoks90.si\/wp-content\/uploads\/2025\/09\/image-7.png\" alt=\"\" class=\"wp-image-3153\" srcset=\"https:\/\/www.sindikat-osoks90.si\/wp-content\/uploads\/2025\/09\/image-7.png 240w, https:\/\/www.sindikat-osoks90.si\/wp-content\/uploads\/2025\/09\/image-7-150x150.png 150w\" sizes=\"auto, (max-width: 240px) 100vw, 240px\" \/><\/figure>\n<\/div>\n\n\n\n<div class=\"wp-block-column is-layout-flow wp-block-column-is-layout-flow\"><\/div>\n<\/div>\n<\/div>\n<\/div>\n\n\n\n<p><strong>Socialni partner za socialni dialog IV \u2013 Vklju\u010dujo\u010d DI@LOG<\/strong><\/p>\n\n\n\n<p>Od 1. avgusta 2025 do 31. januarja 2028 <strong>Konfederacija sindikatov 90 Slovenije<\/strong> in <strong>Obalna sindikalna organizacija \u2013 KS 90<\/strong> izvajamo projekt <em>Socialni partner za socialni dialog IV \u2013 Vklju\u010dujo\u010d DI@LOG.<\/em> Projekt sofinancirata <strong>Republika Slovenija, Ministrstvo za delo, dru\u017eino, socialne zadeve in enake mo\u017enosti<\/strong> ter <strong>Evropska unija iz Evropskega socialnega sklada Plus (ESS+)<\/strong>, v okviru <strong>Programa evropske kohezijske politike 2021\u20132027<\/strong>. Skupna vrednost projekta zna\u0161a <strong>207.983,16 EUR<\/strong> (od tega EU del: 134.669,10 EUR).<\/p>\n\n\n\n<p><strong>Namen projekta<\/strong><br>Z na\u0161im delom krepimo usposobljenost socialnih partnerjev za u\u010dinkovitej\u0161e sodelovanje pri oblikovanju in izvajanju politik, povezanih s trgom dela, vse\u017eivljenjskim u\u010denjem in pravno varnostjo zaposlenih. Poseben poudarek namenjamo izzivom, povezanih z zaposlovanjem tujih delavcev, prepre\u010devanju socialnega dumpinga, krepitvi varnosti in zdravja pri delu ter uporabi digitalnih orodij. S tem prispevamo k aktivnemu in vklju\u010dujo\u010demu socialnemu dialogu.<\/p>\n\n\n\n<p><strong>Glavne aktivnosti<\/strong><br>V okviru projekta izvajamo:<\/p>\n\n\n\n<ul class=\"wp-block-list\">\n<li><strong>analize<\/strong> vpliva zaposlovanja tuje delovne sile na trg dela ter sindikalizma in socialnega dialoga v Sloveniji,<\/li>\n\n\n\n<li><strong>pripravo gradiv<\/strong>: priro\u010dnik za sindikalne zaupnike s poudarkom na podpori tujim delavcem in digitalno orodje <strong>ChatBOT SocioBOT<\/strong> za hitro in u\u010dinkovito informiranje,<\/li>\n\n\n\n<li><strong>usposabljanja<\/strong> na podro\u010dju delovno-pravne zakonodaje, varnosti in zdravja pri delu, upravljanja s stresom, dav\u010dne zakonodaje in u\u010dinkovite komunikacije s tujimi delavci,<\/li>\n\n\n\n<li><strong>vzpostavitev strokovnega telesa<\/strong> za prenos dobrih praks med socialnimi partnerji in drugimi dele\u017eniki,<\/li>\n\n\n\n<li><strong>obve\u0161\u010danje javnosti<\/strong> prek spletnih strani, dru\u017ebenih omre\u017eij, novinarske konference, zaklju\u010dne konference in posebne javne prireditve.<\/li>\n<\/ul>\n\n\n\n<p><strong>Na\u0161i cilji<\/strong><br>S projektom:<\/p>\n\n\n\n<ul class=\"wp-block-list\">\n<li>krepimo kompetence socialnih partnerjev,<\/li>\n\n\n\n<li>pove\u010dujemo pravno varnost zaposlenih, zlasti tujih delavcev,<\/li>\n\n\n\n<li>izbolj\u0161ujemo delovne pogoje in zmanj\u0161ujemo tveganja socialnega dumpinga,<\/li>\n\n\n\n<li>spodbujamo aktivno vklju\u010devanje v socialni dialog,<\/li>\n\n\n\n<li>posodabljamo sindikalno delovanje z uporabo digitalnih orodij.<\/li>\n<\/ul>\n\n\n\n<p><strong>Pri\u010dakovani rezultati<\/strong><br>Do konca projekta:<\/p>\n\n\n\n<ul class=\"wp-block-list\">\n<li>bo v usposabljanja vklju\u010denih vsaj <strong>20 oseb<\/strong> (med njimi 2 vodstvena delavca in 18 zaposlenih oz. \u010dlanov),<\/li>\n\n\n\n<li>bosta pripravljeni <strong>2 analizi<\/strong> in izdan <strong>1 priro\u010dnik<\/strong>,<\/li>\n\n\n\n<li>bo izvedenih <strong>5 usposabljanj<\/strong>,<\/li>\n\n\n\n<li>bo vzpostavljeno digitalno orodje <strong>SocioBOT<\/strong>,<\/li>\n\n\n\n<li>bomo izvedli <strong>3 javne dogodke<\/strong> in pove\u010dali ozave\u0161\u010denost o pomenu socialnega dialoga ter vlogi sindikatov v Sloveniji.<\/li>\n<\/ul>\n\n\n\n<p><strong>Partnerja<\/strong><\/p>\n\n\n\n<ul class=\"wp-block-list\">\n<li><strong>Konfederacija sindikatov 90 Slovenije (KS 90)<\/strong> \u2013 prijavitelj<\/li>\n\n\n\n<li><strong>Obalna sindikalna organizacija \u2013 KS 90<\/strong> \u2013 partner<\/li>\n<\/ul>\n\n\n\n<p>Projekt sofinancirata Republika Slovenija Ministrstvo za delo, dru\u017eino, socialne zadeve in enake mo\u017enosti in Evropska unija iz ESS+ (<a href=\"https:\/\/evropskasredstva.si\/\" target=\"_blank\" rel=\"noreferrer noopener\">evropskasredstva.si<\/a>).<\/p>\n\n\n\n<p>Projekt se sofinancira iz PEKP 2021\u20132027, cilja politike 4 \u00bbBolj socialna in vklju\u010dujo\u010da Evropa za izvajanje evropskega stebra socialnih pravic\u00ab, prednostne naloge 6 \u00bbZnanja in spretnosti ter odzivni trg dela\u00ab, specifi\u010dnega cilja ESO4.4 \u00bbSpodbujanje prilagajanja delavcev, podjetij in podjetnikov na spremembe, aktivnega in zdravega staranja ter zdravega in dobro prilagojenega delovnega okolja, ki obravnava tveganje za zdravje (ESS+).<\/p>\n","protected":false},"excerpt":{"rendered":"<p>Socialni partner za socialni dialog IV \u2013 Vklju\u010dujo\u010d DI@LOG Od 1. avgusta 2025 do 31. januarja 2028 Konfederacija sindikatov 90 Slovenije in Obalna sindikalna organizacija \u2013 KS 90 izvajamo projekt &#8230;<\/p>\n","protected":false},"author":2,"featured_media":0,"parent":0,"menu_order":0,"comment_status":"closed","ping_status":"closed","template":"","meta":{"ngg_post_thumbnail":0,"footnotes":""},"class_list":["post-3141","page","type-page","status-publish","hentry"],"_links":{"self":[{"href":"https:\/\/www.sindikat-osoks90.si\/index.php?rest_route=\/wp\/v2\/pages\/3141","targetHints":{"allow":["GET"]}}],"collection":[{"href":"https:\/\/www.sindikat-osoks90.si\/index.php?rest_route=\/wp\/v2\/pages"}],"about":[{"href":"https:\/\/www.sindikat-osoks90.si\/index.php?rest_route=\/wp\/v2\/types\/page"}],"author":[{"embeddable":true,"href":"https:\/\/www.sindikat-osoks90.si\/index.php?rest_route=\/wp\/v2\/users\/2"}],"replies":[{"embeddable":true,"href":"https:\/\/www.sindikat-osoks90.si\/index.php?rest_route=%2Fwp%2Fv2%2Fcomments&post=3141"}],"version-history":[{"count":19,"href":"https:\/\/www.sindikat-osoks90.si\/index.php?rest_route=\/wp\/v2\/pages\/3141\/revisions"}],"predecessor-version":[{"id":3330,"href":"https:\/\/www.sindikat-osoks90.si\/index.php?rest_route=\/wp\/v2\/pages\/3141\/revisions\/3330"}],"wp:attachment":[{"href":"https:\/\/www.sindikat-osoks90.si\/index.php?rest_route=%2Fwp%2Fv2%2Fmedia&parent=3141"}],"curies":[{"name":"wp","href":"https:\/\/api.w.org\/{rel}","templated":true}]}}